{"id":781,"date":"2025-10-10T18:59:26","date_gmt":"2025-10-10T18:59:26","guid":{"rendered":"https:\/\/canadasgrasslands.ca\/participez-jeu-questionnaire\/quiz-outcome-3"},"modified":"2025-12-18T12:41:49","modified_gmt":"2025-12-18T12:41:49","slug":"resultat-3","status":"publish","type":"page","link":"https:\/\/canadasgrasslands.ca\/fr\/participez-jeu-questionnaire\/resultat-3","title":{"rendered":"R\u00e9sultat 3: \u00c9claireuse ou \u00e9claireur des prairies"},"content":{"rendered":"","protected":false},"excerpt":{"rendered":"","protected":false},"author":1,"featured_media":0,"parent":29,"menu_order":0,"comment_status":"closed","ping_status":"closed","template":"templates\/page-quiz-outcomes.php","meta":{"_acf_changed":false,"footnotes":""},"class_list":["post-781","page","type-page","status-publish","hentry"],"acf":[],"yoast_head":"<!-- This site is optimized with the Yoast SEO plugin v27.4 - https:\/\/yoast.com\/product\/yoast-seo-wordpress\/ -->\n<title>R\u00e9sultat: \u00c9claireuse ou \u00e9claireur des prairies | FCF<\/title>\n<meta name=\"description\" content=\"Vous \u00eates un\u00b7e \u00e9claireur\u00b7euse des prairies! Guid\u00e9 par le bon sens, vous prot\u00e9gez les prairies pour soutenir les \u00e9cosyst\u00e8mes r\u00e9silients.\" \/>\n<meta name=\"robots\" content=\"index, follow, max-snippet:-1, max-image-preview:large, max-video-preview:-1\" \/>\n<link rel=\"canonical\" href=\"https:\/\/canadasgrasslands.ca\/fr\/participez-jeu-questionnaire\/resultat-3\" \/>\n<meta property=\"og:locale\" content=\"fr_FR\" \/>\n<meta property=\"og:type\" content=\"article\" \/>\n<meta property=\"og:title\" content=\"R\u00e9sultat: \u00c9claireuse ou \u00e9claireur des prairies | FCF\" \/>\n<meta property=\"og:description\" content=\"Vous \u00eates un\u00b7e \u00e9claireur\u00b7euse des prairies! Guid\u00e9 par le bon sens, vous prot\u00e9gez les prairies pour soutenir les \u00e9cosyst\u00e8mes r\u00e9silients.\" \/>\n<meta property=\"og:url\" content=\"https:\/\/canadasgrasslands.ca\/fr\/participez-jeu-questionnaire\/resultat-3\" \/>\n<meta property=\"og:site_name\" content=\"Canada&#039;s Grasslands\" \/>\n<meta property=\"article:publisher\" content=\"https:\/\/www.facebook.com\/CanadianWildlifeFederation\/\" \/>\n<meta property=\"article:modified_time\" content=\"2025-12-18T12:41:49+00:00\" \/>\n<meta name=\"twitter:card\" content=\"summary_large_image\" \/>\n<meta name=\"twitter:site\" content=\"@CWF_FCF\" \/>\n<meta name=\"twitter:label1\" content=\"Dur\u00e9e de lecture estim\u00e9e\" \/>\n\t<meta name=\"twitter:data1\" content=\"1 minute\" \/>\n<script type=\"application\/ld+json\" class=\"yoast-schema-graph\">{\"@context\":\"https:\\\/\\\/schema.org\",\"@graph\":[{\"@type\":\"WebPage\",\"@id\":\"https:\\\/\\\/canadasgrasslands.ca\\\/fr\\\/participez-jeu-questionnaire\\\/resultat-3\",\"url\":\"https:\\\/\\\/canadasgrasslands.ca\\\/fr\\\/participez-jeu-questionnaire\\\/resultat-3\",\"name\":\"R\u00e9sultat: \u00c9claireuse ou \u00e9claireur des prairies | FCF\",\"isPartOf\":{\"@id\":\"https:\\\/\\\/canadasgrasslands.ca\\\/#website\"},\"datePublished\":\"2025-10-10T18:59:26+00:00\",\"dateModified\":\"2025-12-18T12:41:49+00:00\",\"description\":\"Vous \u00eates un\u00b7e \u00e9claireur\u00b7euse des prairies! Guid\u00e9 par le bon sens, vous prot\u00e9gez les prairies pour soutenir les \u00e9cosyst\u00e8mes r\u00e9silients.\",\"breadcrumb\":{\"@id\":\"https:\\\/\\\/canadasgrasslands.ca\\\/fr\\\/participez-jeu-questionnaire\\\/resultat-3#breadcrumb\"},\"inLanguage\":\"fr-FR\",\"potentialAction\":[{\"@type\":\"ReadAction\",\"target\":[\"https:\\\/\\\/canadasgrasslands.ca\\\/fr\\\/participez-jeu-questionnaire\\\/resultat-3\"]}]},{\"@type\":\"BreadcrumbList\",\"@id\":\"https:\\\/\\\/canadasgrasslands.ca\\\/fr\\\/participez-jeu-questionnaire\\\/resultat-3#breadcrumb\",\"itemListElement\":[{\"@type\":\"ListItem\",\"position\":1,\"name\":\"Home\",\"item\":\"https:\\\/\\\/canadasgrasslands.ca\\\/fr\"},{\"@type\":\"ListItem\",\"position\":2,\"name\":\"Participez au jeu-questionnaire\",\"item\":\"https:\\\/\\\/canadasgrasslands.ca\\\/fr\\\/participez-jeu-questionnaire\"},{\"@type\":\"ListItem\",\"position\":3,\"name\":\"R\u00e9sultat 3: \u00c9claireuse ou \u00e9claireur des prairies\"}]},{\"@type\":\"WebSite\",\"@id\":\"https:\\\/\\\/canadasgrasslands.ca\\\/#website\",\"url\":\"https:\\\/\\\/canadasgrasslands.ca\\\/\",\"name\":\"Explore Canada's Grasslands\",\"description\":\"Explore Canada&#039;s Grasslands\",\"publisher\":{\"@id\":\"https:\\\/\\\/canadasgrasslands.ca\\\/#organization\"},\"potentialAction\":[{\"@type\":\"SearchAction\",\"target\":{\"@type\":\"EntryPoint\",\"urlTemplate\":\"https:\\\/\\\/canadasgrasslands.ca\\\/?s={search_term_string}\"},\"query-input\":{\"@type\":\"PropertyValueSpecification\",\"valueRequired\":true,\"valueName\":\"search_term_string\"}}],\"inLanguage\":\"fr-FR\"},{\"@type\":\"Organization\",\"@id\":\"https:\\\/\\\/canadasgrasslands.ca\\\/#organization\",\"name\":\"cwf\",\"url\":\"https:\\\/\\\/canadasgrasslands.ca\\\/\",\"logo\":{\"@type\":\"ImageObject\",\"inLanguage\":\"fr-FR\",\"@id\":\"https:\\\/\\\/canadasgrasslands.ca\\\/#\\\/schema\\\/logo\\\/image\\\/\",\"url\":\"https:\\\/\\\/canadasgrasslands.ca\\\/wp-content\\\/uploads\\\/2026\\\/01\\\/CWF-Logo.jpg\",\"contentUrl\":\"https:\\\/\\\/canadasgrasslands.ca\\\/wp-content\\\/uploads\\\/2026\\\/01\\\/CWF-Logo.jpg\",\"width\":415,\"height\":325,\"caption\":\"cwf\"},\"image\":{\"@id\":\"https:\\\/\\\/canadasgrasslands.ca\\\/#\\\/schema\\\/logo\\\/image\\\/\"},\"sameAs\":[\"https:\\\/\\\/www.facebook.com\\\/CanadianWildlifeFederation\\\/\",\"https:\\\/\\\/x.com\\\/CWF_FCF\"]}]}<\/script>\n<!-- \/ Yoast SEO plugin. -->","yoast_head_json":{"title":"R\u00e9sultat: \u00c9claireuse ou \u00e9claireur des prairies | FCF","description":"Vous \u00eates un\u00b7e \u00e9claireur\u00b7euse des prairies! Guid\u00e9 par le bon sens, vous prot\u00e9gez les prairies pour soutenir les \u00e9cosyst\u00e8mes r\u00e9silients.","robots":{"index":"index","follow":"follow","max-snippet":"max-snippet:-1","max-image-preview":"max-image-preview:large","max-video-preview":"max-video-preview:-1"},"canonical":"https:\/\/canadasgrasslands.ca\/fr\/participez-jeu-questionnaire\/resultat-3","og_locale":"fr_FR","og_type":"article","og_title":"R\u00e9sultat: \u00c9claireuse ou \u00e9claireur des prairies | FCF","og_description":"Vous \u00eates un\u00b7e \u00e9claireur\u00b7euse des prairies! Guid\u00e9 par le bon sens, vous prot\u00e9gez les prairies pour soutenir les \u00e9cosyst\u00e8mes r\u00e9silients.","og_url":"https:\/\/canadasgrasslands.ca\/fr\/participez-jeu-questionnaire\/resultat-3","og_site_name":"Canada&#039;s Grasslands","article_publisher":"https:\/\/www.facebook.com\/CanadianWildlifeFederation\/","article_modified_time":"2025-12-18T12:41:49+00:00","twitter_card":"summary_large_image","twitter_site":"@CWF_FCF","twitter_misc":{"Dur\u00e9e de lecture estim\u00e9e":"1 minute"},"schema":{"@context":"https:\/\/schema.org","@graph":[{"@type":"WebPage","@id":"https:\/\/canadasgrasslands.ca\/fr\/participez-jeu-questionnaire\/resultat-3","url":"https:\/\/canadasgrasslands.ca\/fr\/participez-jeu-questionnaire\/resultat-3","name":"R\u00e9sultat: \u00c9claireuse ou \u00e9claireur des prairies | FCF","isPartOf":{"@id":"https:\/\/canadasgrasslands.ca\/#website"},"datePublished":"2025-10-10T18:59:26+00:00","dateModified":"2025-12-18T12:41:49+00:00","description":"Vous \u00eates un\u00b7e \u00e9claireur\u00b7euse des prairies! Guid\u00e9 par le bon sens, vous prot\u00e9gez les prairies pour soutenir les \u00e9cosyst\u00e8mes r\u00e9silients.","breadcrumb":{"@id":"https:\/\/canadasgrasslands.ca\/fr\/participez-jeu-questionnaire\/resultat-3#breadcrumb"},"inLanguage":"fr-FR","potentialAction":[{"@type":"ReadAction","target":["https:\/\/canadasgrasslands.ca\/fr\/participez-jeu-questionnaire\/resultat-3"]}]},{"@type":"BreadcrumbList","@id":"https:\/\/canadasgrasslands.ca\/fr\/participez-jeu-questionnaire\/resultat-3#breadcrumb","itemListElement":[{"@type":"ListItem","position":1,"name":"Home","item":"https:\/\/canadasgrasslands.ca\/fr"},{"@type":"ListItem","position":2,"name":"Participez au jeu-questionnaire","item":"https:\/\/canadasgrasslands.ca\/fr\/participez-jeu-questionnaire"},{"@type":"ListItem","position":3,"name":"R\u00e9sultat 3: \u00c9claireuse ou \u00e9claireur des prairies"}]},{"@type":"WebSite","@id":"https:\/\/canadasgrasslands.ca\/#website","url":"https:\/\/canadasgrasslands.ca\/","name":"Explore Canada's Grasslands","description":"Explore Canada&#039;s Grasslands","publisher":{"@id":"https:\/\/canadasgrasslands.ca\/#organization"},"potentialAction":[{"@type":"SearchAction","target":{"@type":"EntryPoint","urlTemplate":"https:\/\/canadasgrasslands.ca\/?s={search_term_string}"},"query-input":{"@type":"PropertyValueSpecification","valueRequired":true,"valueName":"search_term_string"}}],"inLanguage":"fr-FR"},{"@type":"Organization","@id":"https:\/\/canadasgrasslands.ca\/#organization","name":"cwf","url":"https:\/\/canadasgrasslands.ca\/","logo":{"@type":"ImageObject","inLanguage":"fr-FR","@id":"https:\/\/canadasgrasslands.ca\/#\/schema\/logo\/image\/","url":"https:\/\/canadasgrasslands.ca\/wp-content\/uploads\/2026\/01\/CWF-Logo.jpg","contentUrl":"https:\/\/canadasgrasslands.ca\/wp-content\/uploads\/2026\/01\/CWF-Logo.jpg","width":415,"height":325,"caption":"cwf"},"image":{"@id":"https:\/\/canadasgrasslands.ca\/#\/schema\/logo\/image\/"},"sameAs":["https:\/\/www.facebook.com\/CanadianWildlifeFederation\/","https:\/\/x.com\/CWF_FCF"]}]}},"_links":{"self":[{"href":"https:\/\/canadasgrasslands.ca\/fr\/wp-json\/wp\/v2\/pages\/781","targetHints":{"allow":["GET"]}}],"collection":[{"href":"https:\/\/canadasgrasslands.ca\/fr\/wp-json\/wp\/v2\/pages"}],"about":[{"href":"https:\/\/canadasgrasslands.ca\/fr\/wp-json\/wp\/v2\/types\/page"}],"author":[{"embeddable":true,"href":"https:\/\/canadasgrasslands.ca\/fr\/wp-json\/wp\/v2\/users\/1"}],"replies":[{"embeddable":true,"href":"https:\/\/canadasgrasslands.ca\/fr\/wp-json\/wp\/v2\/comments?post=781"}],"version-history":[{"count":5,"href":"https:\/\/canadasgrasslands.ca\/fr\/wp-json\/wp\/v2\/pages\/781\/revisions"}],"predecessor-version":[{"id":1036,"href":"https:\/\/canadasgrasslands.ca\/fr\/wp-json\/wp\/v2\/pages\/781\/revisions\/1036"}],"up":[{"embeddable":true,"href":"https:\/\/canadasgrasslands.ca\/fr\/wp-json\/wp\/v2\/pages\/29"}],"wp:attachment":[{"href":"https:\/\/canadasgrasslands.ca\/fr\/wp-json\/wp\/v2\/media?parent=781"}],"curies":[{"name":"wp","href":"https:\/\/api.w.org\/{rel}","templated":true}]}}